{"id":201,"date":"2011-10-19T10:38:50","date_gmt":"2011-10-19T08:38:50","guid":{"rendered":"http:\/\/blog.herrwolff.org\/?page_id=201"},"modified":"2011-10-19T12:03:04","modified_gmt":"2011-10-19T10:03:04","slug":"impressum","status":"publish","type":"page","link":"http:\/\/blog.herrwolff.org\/?page_id=201","title":{"rendered":"Impressum"},"content":{"rendered":"<h1>Impressum<\/h1>\n<p>Angaben gem\u00e4\u00df \u00a7 5 TMG:<\/p>\n<p>Wolfgang Wolff<br \/>\nChristoph-Mang-Str. 5<br \/>\n79100 Freiburg\n<\/p>\n<h2>Kontakt:<\/h2>\n<table>\n<tr>\n<td>\n<p>Telefon:<\/p>\n<\/td>\n<td>\n<p>+49 (0) 761 7077510<\/p>\n<\/td>\n<\/tr>\n<tr>\n<td>\n<p>E-Mail:<\/p>\n<\/td>\n<td>\n<p>info@herrwolff.org<\/p>\n<\/td>\n<\/tr>\n<\/table>\n<h2>Verantwortlich f\u00fcr den Inhalt nach \u00a7 55 Abs. 2 RStV:<\/h2>\n<p>Wolfgang Wolff<\/p>\n<p>Christoph-Mang-Str.5<br \/>\n79100 Freiburg<\/p>\n<h2>Haftungsausschluss<\/h2>\n<p><strong>Inhalt des Onlineangebotes<\/strong><\/p>\n<p>Die Autoren \u00fcbernehmen keinerlei Gew\u00e4hr f\u00fcr die Aktualit\u00e4t, Korrektheit, Vollst\u00e4ndigkeit oder Qualit\u00e4t der bereitgestellten Informationen. Haftungsanspr\u00fcche gegen die Autoren, welche sich auf Sch\u00e4den materieller oder ideeller Art beziehen, die durch die Nutzung oder Nichtnutzung der dargebotenen Informationen bzw. durch die Nutzung fehlerhafter und unvollst\u00e4ndiger Informationen verursacht wurden, sind grunds\u00e4tzlich ausgeschlossen, sofern seitens der Autoren kein nachweislich vors\u00e4tzliches oder grob fahrl\u00e4ssiges Verschulden vorliegt.<br \/>\nAlle Angebote sind freibleibend und unverbindlich. Die Autoren behalten es sich ausdr\u00fccklich vor, Teile der Seiten oder das gesamte Angebot ohne gesonderte Ank\u00fcndigung zu ver\u00e4ndern, zu erg\u00e4nzen, zu l\u00f6schen oder die Ver\u00f6ffentlichung zeitweise oder endg\u00fcltig einzustellen.<\/p>\n<p><strong>Verweise und Links<\/strong><\/p>\n<p>Bei direkten oder indirekten Verweisen auf fremde Webseiten (\u201cHyperlinks\u201d), die au\u00dferhalb des Verantwortungsbereiches der Autoren liegen, w\u00fcrde eine Haftungsverpflichtung ausschlie\u00dflich in dem Fall in Kraft treten, in dem der Autor von den Inhalten Kenntnis hat und es ihm technisch m\u00f6glich und zumutbar w\u00e4re, die Nutzung im Falle rechtswidriger Inhalte zu verhindern.<br \/>\nDie Autoren erkl\u00e4ren hiermit ausdr\u00fccklich, dass zum Zeitpunkt der Linksetzung keine illegalen Inhalte auf den zu verlinkenden Seiten erkennbar waren. Auf die aktuelle und zuk\u00fcnftige Gestaltung, die Inhalte oder die Urheberschaft der verlinkten\/verkn\u00fcpften Seiten haben die Autoren keinerlei Einfluss. Deshalb distanzieren sie sich hiermit ausdr\u00fccklich von allen Inhalten aller verlinkten\/verkn\u00fcpften Seiten, die nach der Linksetzung ver\u00e4ndert wurden. Diese Feststellung gilt f\u00fcr alle innerhalb des eigenen Internetangebotes gesetzten Links und Verweise sowie f\u00fcr Fremdeintr\u00e4ge in von Autoren eingerichteten G\u00e4steb\u00fcchern, Diskussionsforen, Linkverzeichnissen, Mailinglisten und in allen anderen Formen von Datenbanken, auf deren Inhalt externe Schreibzugriffe m\u00f6glich sind. F\u00fcr illegale, fehlerhafte oder unvollst\u00e4ndige Inhalte und insbesondere f\u00fcr Sch\u00e4den, die aus der Nutzung oder Nichtnutzung solcherart dargebotener Informationen entstehen, haftet allein der Anbieter der Seite, auf welche verwiesen wurde, nicht derjenige, der \u00fcber Links auf die jeweilige Ver\u00f6ffentlichung lediglich verweist.<\/p>\n<p><strong>Urheberrecht<\/strong><\/p>\n<p>Die Autoren sind bestrebt, in allen Publikationen die Urheberrechte der verwendeten Bilder, Grafiken, Tondokumente, Videosequenzen und Texte zu beachten, von ihnen selbst erstellte Bilder, Grafiken, Tondokumente, Videosequenzen und Texte zu nutzen oder auf lizenzfreie Grafiken, Tondokumente, Videosequenzen und Texte zur\u00fcckzugreifen.<br \/>\nAlle innerhalb des Internetangebotes genannten und ggf. durch Dritte gesch\u00fctzten Marken- und Warenzeichen unterliegen uneingeschr\u00e4nkt den Bestimmungen des jeweils g\u00fcltigen Kennzeichenrechts und den Besitzrechten der jeweiligen eingetragenen Eigent\u00fcmer. Allein aufgrund der blo\u00dfen Nennung ist nicht der Schluss zu ziehen, dass Markenzeichen nicht durch Rechte Dritter gesch\u00fctzt sind!<\/p>\n<p>Alle durch Autoren erstellten Inhalte auf blog.herrwolff.org unterliegen der <a href=\"http:\/\/creativecommons.org\/licenses\/by-nc-sa\/3.0\/\" target=\"_blank\">Creative Commons Attribution-NonCommercial-ShareAlike 3.0 Unported License<\/a>. Sie d\u00fcrfen nur unter folgenden Bedingungen vervielf\u00e4ltigt, verbreitet und \u00f6ffentlich zug\u00e4nglich gemacht werden:<\/p>\n<ul>\n<li>Attribution \u2014 You must attribute the work in the manner specified by the author or licensor (but not in any way that suggests that they endorse you or your use of the work).\t<\/li>\n<li>\nNoncommercial \u2014 You may not use this work for commercial purposes.\n<\/li>\n<li>\nShare Alike \u2014 If you alter, transform, or build upon this work, you may distribute the resulting work only under the same or similar license to this one.\n<\/li>\n<\/ul>\n<p>Die <a href=\"http:\/\/blog.herrwolff.org\/?page_id=208\" title=\"Datenschutzhinweis\">Datenschutzhinweise<\/a> sind ebenfalls zu beachten.<\/p>\n<p><strong>Rechtswirksamkeit dieses Haftungsausschlusses<\/strong><\/p>\n<p>Dieser Haftungsausschluss ist als Teil des Internetangebotes zu betrachten, von dem aus auf diese Seite verwiesen wurde. Sofern Teile oder einzelne Formulierungen dieses Textes der geltenden Rechtslage nicht, nicht mehr oder nicht vollst\u00e4ndig entsprechen sollten, bleiben die \u00fcbrigen Teile des Dokumentes in ihrem Inhalt und ihrer G\u00fcltigkeit davon unber\u00fchrt.<\/p>\n","protected":false},"excerpt":{"rendered":"<p>Impressum Angaben gem\u00e4\u00df \u00a7 5 TMG: Wolfgang Wolff Christoph-Mang-Str. 5 79100 Freiburg Kontakt: Telefon: +49 (0) 761 7077510 E-Mail: info@herrwolff.org Verantwortlich f\u00fcr den Inhalt nach \u00a7 55 Abs. 2 RStV: Wolfgang Wolff Christoph-Mang-Str.5 79100 Freiburg Haftungsausschluss Inhalt des Onlineangebotes Die Autoren \u00fcbernehmen keinerlei Gew\u00e4hr f\u00fcr die Aktualit\u00e4t, Korrektheit, Vollst\u00e4ndigkeit oder Qualit\u00e4t der bereitgestellten Informationen. Haftungsanspr\u00fcche &hellip; <a href=\"http:\/\/blog.herrwolff.org\/?page_id=201\" class=\"more-link\"><span class=\"screen-reader-text\">Impressum<\/span> weiterlesen <span class=\"meta-nav\">&rarr;<\/span><\/a><\/p>\n","protected":false},"author":1,"featured_media":0,"parent":0,"menu_order":2,"comment_status":"open","ping_status":"open","template":"","meta":{"_monsterinsights_skip_tracking":false,"_monsterinsights_sitenote_active":false,"_monsterinsights_sitenote_note":"","_monsterinsights_sitenote_category":0,"spay_email":""},"jetpack_shortlink":"https:\/\/wp.me\/P1ZaWF-3f","jetpack_sharing_enabled":true,"_links":{"self":[{"href":"http:\/\/blog.herrwolff.org\/index.php?rest_route=\/wp\/v2\/pages\/201"}],"collection":[{"href":"http:\/\/blog.herrwolff.org\/index.php?rest_route=\/wp\/v2\/pages"}],"about":[{"href":"http:\/\/blog.herrwolff.org\/index.php?rest_route=\/wp\/v2\/types\/page"}],"author":[{"embeddable":true,"href":"http:\/\/blog.herrwolff.org\/index.php?rest_route=\/wp\/v2\/users\/1"}],"replies":[{"embeddable":true,"href":"http:\/\/blog.herrwolff.org\/index.php?rest_route=%2Fwp%2Fv2%2Fcomments&post=201"}],"version-history":[{"count":7,"href":"http:\/\/blog.herrwolff.org\/index.php?rest_route=\/wp\/v2\/pages\/201\/revisions"}],"predecessor-version":[{"id":206,"href":"http:\/\/blog.herrwolff.org\/index.php?rest_route=\/wp\/v2\/pages\/201\/revisions\/206"}],"wp:attachment":[{"href":"http:\/\/blog.herrwolff.org\/index.php?rest_route=%2Fwp%2Fv2%2Fmedia&parent=201"}],"curies":[{"name":"wp","href":"https:\/\/api.w.org\/{rel}","templated":true}]}}