{"id":278,"date":"2011-10-25T15:22:12","date_gmt":"2011-10-25T13:22:12","guid":{"rendered":"http:\/\/blog.herrwolff.org\/?page_id=278"},"modified":"2012-02-20T18:20:58","modified_gmt":"2012-02-20T16:20:58","slug":"projekt-ag-2","status":"publish","type":"page","link":"http:\/\/blog.herrwolff.org\/?page_id=278","title":{"rendered":"Projekt AG"},"content":{"rendered":"<p>Ziel meiner AG ist es, interessierten Sch\u00fclerinnen und Sch\u00fclern natuwissenschaftliches, praxisnahes Wissen in zeitlich abgeschlossenen Projekten zu vermitteln. Die Projekte soll<br \/>\nim Kern die Grundlagen und Konzepte moderner Datenverarbeitung und wissenschaftlichen Arbeitens aber auch \u00c4sthetik und modernes Design an konkreten Aufgabenstellungen vermitteln.<\/p>\n<hr \/>\n<h1>Geplante Projekte im Schuljahr 2011\/2012<\/h1>\n<ol>\n<li><a href=\"http:\/\/blog.herrwolff.org\/?p=316\" title=\"Einf\u00fchrung in die wissenschaftliche Textverarbeitung mit LaTeX\">Einf\u00fchrung in die wissenschaftliche Textverarbeitung mit LaTeX<\/a><\/li>\n<li><a href=\"http:\/\/blog.herrwolff.org\/?p=453\" title=\"Modernes web-Design mit html und css\"><\/a>Web-Design mit html und css (Grundlagen)<\/li>\n<li><a href=\"http:\/\/blog.herrwolff.org\/?p=443\" title=\"Publizieren im WWW mit WordPress und ok\">Publizieren im WWW mit WordPress und ok<\/a><\/li>\n<li><a href=\"http:\/\/blog.herrwolff.org\/?p=303\" title=\"DIY \u2014 Roboter\">Planung und Bau eines autonomen Roboters<\/a><\/li>\n<li><a href=\"http:\/\/blog.herrwolff.org\/?p=712\" title=\"DIY \u2014 Installation von Debian GNU\/Linux als Webserver\">DIY \u2014 Installation von Debian GNU\/Linux als Webserver<\/a><\/li>\n<\/ol>\n<p>Weiter Informationen gibt es f\u00fcr Sch\u00fclerinnen und Sch\u00fcler des Marie-Curie Gymnasium im<br \/>\n<a href=\"http:\/\/moodle.mcg-kirchzarten.de\/moodle\/course\/view.php?id=9\" title=\"Moodle Kurs der ProjektAG \" target=\"_blank\">MCG-Intranetz<\/a>.<\/p>\n<hr \/>\n<h1>Projekte im Schuljahr 2010\/2011<\/h1>\n<ol>\n<li>Modernes web-Design mit html und css<\/li>\n<li>Bau eines Digitalen Spektrometers<\/li>\n<li>Debian GNU\/Linux als Webserver<\/li>\n<li>Lanparty f\u00fcr die Oberstufe<\/li>\n<\/ol>\n","protected":false},"excerpt":{"rendered":"<p>Ziel meiner AG ist es, interessierten Sch\u00fclerinnen und Sch\u00fclern natuwissenschaftliches, praxisnahes Wissen in zeitlich abgeschlossenen Projekten zu vermitteln. Die Projekte soll im Kern die Grundlagen und Konzepte moderner Datenverarbeitung und wissenschaftlichen Arbeitens aber auch \u00c4sthetik und modernes Design an konkreten Aufgabenstellungen vermitteln. Geplante Projekte im Schuljahr 2011\/2012 Einf\u00fchrung in die wissenschaftliche Textverarbeitung mit LaTeX Web-Design &hellip; <a href=\"http:\/\/blog.herrwolff.org\/?page_id=278\" class=\"more-link\"><span class=\"screen-reader-text\">Projekt AG<\/span> weiterlesen <span class=\"meta-nav\">&rarr;<\/span><\/a><\/p>\n","protected":false},"author":1,"featured_media":0,"parent":0,"menu_order":1,"comment_status":"open","ping_status":"open","template":"","meta":{"_monsterinsights_skip_tracking":false,"_monsterinsights_sitenote_active":false,"_monsterinsights_sitenote_note":"","_monsterinsights_sitenote_category":0,"spay_email":""},"jetpack_shortlink":"https:\/\/wp.me\/P1ZaWF-4u","jetpack_sharing_enabled":true,"_links":{"self":[{"href":"http:\/\/blog.herrwolff.org\/index.php?rest_route=\/wp\/v2\/pages\/278"}],"collection":[{"href":"http:\/\/blog.herrwolff.org\/index.php?rest_route=\/wp\/v2\/pages"}],"about":[{"href":"http:\/\/blog.herrwolff.org\/index.php?rest_route=\/wp\/v2\/types\/page"}],"author":[{"embeddable":true,"href":"http:\/\/blog.herrwolff.org\/index.php?rest_route=\/wp\/v2\/users\/1"}],"replies":[{"embeddable":true,"href":"http:\/\/blog.herrwolff.org\/index.php?rest_route=%2Fwp%2Fv2%2Fcomments&post=278"}],"version-history":[{"count":17,"href":"http:\/\/blog.herrwolff.org\/index.php?rest_route=\/wp\/v2\/pages\/278\/revisions"}],"predecessor-version":[{"id":310,"href":"http:\/\/blog.herrwolff.org\/index.php?rest_route=\/wp\/v2\/pages\/278\/revisions\/310"}],"wp:attachment":[{"href":"http:\/\/blog.herrwolff.org\/index.php?rest_route=%2Fwp%2Fv2%2Fmedia&parent=278"}],"curies":[{"name":"wp","href":"https:\/\/api.w.org\/{rel}","templated":true}]}}